{"id":1485,"date":"2024-03-26T06:55:24","date_gmt":"2024-03-26T06:55:24","guid":{"rendered":"https:\/\/rk3.be\/clause-de-sauvegarde-rk%c2%b3\/"},"modified":"2026-03-19T13:50:28","modified_gmt":"2026-03-19T13:50:28","slug":"clause-de-sauvegarde-rk3","status":"publish","type":"page","link":"https:\/\/rk3.be\/fr\/clause-de-sauvegarde-rk3\/","title":{"rendered":"Clause de sauvegarde RK\u00b3"},"content":{"rendered":"\t\t<div data-elementor-type=\"wp-page\" data-elementor-id=\"1485\" class=\"elementor elementor-1485 elementor-322\" data-elementor-post-type=\"page\">\n\t\t\t\t<div class=\"elementor-element elementor-element-07ed328 e-flex e-con-boxed e-con e-parent\" data-id=\"07ed328\" data-element_type=\"container\" data-e-type=\"container\" data-settings=\"{&quot;background_background&quot;:&quot;classic&quot;}\">\n\t\t\t\t\t<div class=\"e-con-inner\">\n\t\t\t\t\t<\/div>\n\t\t\t\t<\/div>\n\t\t<div class=\"elementor-element elementor-element-e89a837 e-flex e-con-boxed e-con e-parent\" data-id=\"e89a837\" data-element_type=\"container\" data-e-type=\"container\">\n\t\t\t\t\t<div class=\"e-con-inner\">\n\t\t<div class=\"elementor-element elementor-element-4dbc37f e-flex e-con-boxed e-con e-child\" data-id=\"4dbc37f\" data-element_type=\"container\" data-e-type=\"container\" data-settings=\"{&quot;background_background&quot;:&quot;classic&quot;}\">\n\t\t\t\t\t<div class=\"e-con-inner\">\n\t\t\t\t<div class=\"elementor-element elementor-element-beec708 elementor-widget elementor-widget-text-editor\" data-id=\"beec708\" data-element_type=\"widget\" data-e-type=\"widget\" data-widget_type=\"text-editor.default\">\n\t\t\t\t<div class=\"elementor-widget-container\">\n\t\t\t\t\t\t\t\t\t<p>Les participants \u00e0 la randonn\u00e9e routi\u00e8re RK\u00b3 du 4 juillet 2026 ont accept\u00e9 ce qui suit en participant \u00e0 cette randonn\u00e9e.<\/p><p>Le conducteur du v\u00e9hicule participant d\u00e9clare par la pr\u00e9sente qu&rsquo;il est titulaire d&rsquo;un permis de conduire valide et qu&rsquo;il n&rsquo;est pas disqualifi\u00e9 pour conduire un v\u00e9hicule. Le conducteur et le navigateur peuvent \u00e9changer leur place entre eux, pour autant qu&rsquo;ils remplissent tous deux les conditions requises pour conduire un v\u00e9hicule. Le conducteur du v\u00e9hicule participant d\u00e9clare que le v\u00e9hicule avec lequel il participe est valablement assur\u00e9 et immatricul\u00e9 et qu&rsquo;il r\u00e9pond aux exigences techniques d&rsquo;un v\u00e9hicule \u00e0 moteur.<\/p><p>Les participants ont pris connaissance du fait que, pendant le trajet, le code de la route doit \u00eatre strictement respect\u00e9. Tout accident ou incident dans lequel ils sont impliqu\u00e9s doit \u00eatre imm\u00e9diatement signal\u00e9 \u00e0 l&rsquo;organisation, au +32 487 60 86 69.<\/p><p>Les participants ou leurs ayants droit renoncent \u00e0 tout recours \u00e9ventuel contre les organisateurs et\/ou leurs collaborateurs \u00e0 ce voyage pour tout dommage, de quelque nature qu&rsquo;il soit, qui serait une cons\u00e9quence directe ou indirecte de cet \u00e9tablissement. Les participants reconnaissent qu&rsquo;en cas de dommage r\u00e9sultant de leur participation \u00e0 ce voyage, l&rsquo;acceptation des risques peut \u00eatre invoqu\u00e9e tant par les organisateurs que par les participants eux-m\u00eames. Les organisateurs et les employ\u00e9s d\u00e9clinent toute responsabilit\u00e9 pour les infractions \u00e0 la loi commises par les participants ainsi que pour tout accident du participant avant, pendant ou apr\u00e8s le voyage.<\/p><p>S&rsquo;il y a des occupants suppl\u00e9mentaires, le conducteur et le navigateur doivent faire tout leur possible pour s&rsquo;occuper des passagers de leur v\u00e9hicule.<\/p>\t\t\t\t\t\t\t\t<\/div>\n\t\t\t\t<\/div>\n\t\t\t\t\t<\/div>\n\t\t\t\t<\/div>\n\t\t\t\t\t<\/div>\n\t\t\t\t<\/div>\n\t\t\t\t<\/div>\n\t\t","protected":false},"excerpt":{"rendered":"<p>Les participants \u00e0 la randonn\u00e9e routi\u00e8re RK\u00b3 du 4 juillet 2026 ont accept\u00e9 ce qui suit en participant \u00e0 cette randonn\u00e9e. Le conducteur du v\u00e9hicule participant d\u00e9clare par la pr\u00e9sente qu&rsquo;il est titulaire d&rsquo;un permis de conduire valide et qu&rsquo;il n&rsquo;est pas disqualifi\u00e9 pour conduire un v\u00e9hicule. Le conducteur et le navigateur peuvent \u00e9changer leur [&hellip;]<\/p>\n","protected":false},"author":1,"featured_media":0,"parent":0,"menu_order":0,"comment_status":"closed","ping_status":"closed","template":"","meta":{"footnotes":""},"class_list":["post-1485","page","type-page","status-publish","hentry"],"yoast_head":"<!-- This site is optimized with the Yoast SEO plugin v27.0 - https:\/\/yoast.com\/product\/yoast-seo-wordpress\/ -->\n<title>Clause de sauvegarde RK\u00b3 - RK\u00b3 Roadtour<\/title>\n<meta name=\"robots\" content=\"index, follow, max-snippet:-1, max-image-preview:large, max-video-preview:-1\" \/>\n<link rel=\"canonical\" href=\"https:\/\/rk3.be\/fr\/clause-de-sauvegarde-rk3\/\" \/>\n<meta property=\"og:locale\" content=\"fr_FR\" \/>\n<meta property=\"og:type\" content=\"article\" \/>\n<meta property=\"og:title\" content=\"Clause de sauvegarde RK\u00b3 - RK\u00b3 Roadtour\" \/>\n<meta property=\"og:description\" content=\"Les participants \u00e0 la randonn\u00e9e routi\u00e8re RK\u00b3 du 4 juillet 2026 ont accept\u00e9 ce qui suit en participant \u00e0 cette randonn\u00e9e. Le conducteur du v\u00e9hicule participant d\u00e9clare par la pr\u00e9sente qu&rsquo;il est titulaire d&rsquo;un permis de conduire valide et qu&rsquo;il n&rsquo;est pas disqualifi\u00e9 pour conduire un v\u00e9hicule. Le conducteur et le navigateur peuvent \u00e9changer leur [&hellip;]\" \/>\n<meta property=\"og:url\" content=\"https:\/\/rk3.be\/fr\/clause-de-sauvegarde-rk3\/\" \/>\n<meta property=\"og:site_name\" content=\"RK\u00b3 Roadtour\" \/>\n<meta property=\"article:modified_time\" content=\"2026-03-19T13:50:28+00:00\" \/>\n<meta property=\"og:image\" content=\"https:\/\/rk3.be\/wp-content\/uploads\/2024\/03\/cropped-logo.jpg\" \/>\n\t<meta property=\"og:image:width\" content=\"512\" \/>\n\t<meta property=\"og:image:height\" content=\"512\" \/>\n\t<meta property=\"og:image:type\" content=\"image\/jpeg\" \/>\n<meta name=\"twitter:card\" content=\"summary_large_image\" \/>\n<meta name=\"twitter:label1\" content=\"Dur\u00e9e de lecture est.\" \/>\n\t<meta name=\"twitter:data1\" content=\"2 minutes\" \/>\n<script type=\"application\/ld+json\" class=\"yoast-schema-graph\">{\"@context\":\"https:\/\/schema.org\",\"@graph\":[{\"@type\":\"WebPage\",\"@id\":\"https:\/\/rk3.be\/fr\/clause-de-sauvegarde-rk3\/\",\"url\":\"https:\/\/rk3.be\/fr\/clause-de-sauvegarde-rk3\/\",\"name\":\"Clause de sauvegarde RK\u00b3 - RK\u00b3 Roadtour\",\"isPartOf\":{\"@id\":\"https:\/\/rk3.be\/fr\/#website\"},\"datePublished\":\"2024-03-26T06:55:24+00:00\",\"dateModified\":\"2026-03-19T13:50:28+00:00\",\"breadcrumb\":{\"@id\":\"https:\/\/rk3.be\/fr\/clause-de-sauvegarde-rk3\/#breadcrumb\"},\"inLanguage\":\"fr-BE\",\"potentialAction\":[{\"@type\":\"ReadAction\",\"target\":[\"https:\/\/rk3.be\/fr\/clause-de-sauvegarde-rk3\/\"]}]},{\"@type\":\"BreadcrumbList\",\"@id\":\"https:\/\/rk3.be\/fr\/clause-de-sauvegarde-rk3\/#breadcrumb\",\"itemListElement\":[{\"@type\":\"ListItem\",\"position\":1,\"name\":\"Home\",\"item\":\"https:\/\/rk3.be\/fr\/\"},{\"@type\":\"ListItem\",\"position\":2,\"name\":\"Clause de sauvegarde RK\u00b3\"}]},{\"@type\":\"WebSite\",\"@id\":\"https:\/\/rk3.be\/fr\/#website\",\"url\":\"https:\/\/rk3.be\/fr\/\",\"name\":\"RK\u00b3 Roadtour\",\"description\":\"\",\"publisher\":{\"@id\":\"https:\/\/rk3.be\/fr\/#organization\"},\"potentialAction\":[{\"@type\":\"SearchAction\",\"target\":{\"@type\":\"EntryPoint\",\"urlTemplate\":\"https:\/\/rk3.be\/fr\/?s={search_term_string}\"},\"query-input\":{\"@type\":\"PropertyValueSpecification\",\"valueRequired\":true,\"valueName\":\"search_term_string\"}}],\"inLanguage\":\"fr-BE\"},{\"@type\":\"Organization\",\"@id\":\"https:\/\/rk3.be\/fr\/#organization\",\"name\":\"RK\u00b3 Roadtour\",\"url\":\"https:\/\/rk3.be\/fr\/\",\"logo\":{\"@type\":\"ImageObject\",\"inLanguage\":\"fr-BE\",\"@id\":\"https:\/\/rk3.be\/fr\/#\/schema\/logo\/image\/\",\"url\":\"https:\/\/rk3.be\/wp-content\/uploads\/2024\/03\/logo.jpg\",\"contentUrl\":\"https:\/\/rk3.be\/wp-content\/uploads\/2024\/03\/logo.jpg\",\"width\":1000,\"height\":1000,\"caption\":\"RK\u00b3 Roadtour\"},\"image\":{\"@id\":\"https:\/\/rk3.be\/fr\/#\/schema\/logo\/image\/\"}}]}<\/script>\n<!-- \/ Yoast SEO plugin. -->","yoast_head_json":{"title":"Clause de sauvegarde RK\u00b3 - RK\u00b3 Roadtour","robots":{"index":"index","follow":"follow","max-snippet":"max-snippet:-1","max-image-preview":"max-image-preview:large","max-video-preview":"max-video-preview:-1"},"canonical":"https:\/\/rk3.be\/fr\/clause-de-sauvegarde-rk3\/","og_locale":"fr_FR","og_type":"article","og_title":"Clause de sauvegarde RK\u00b3 - RK\u00b3 Roadtour","og_description":"Les participants \u00e0 la randonn\u00e9e routi\u00e8re RK\u00b3 du 4 juillet 2026 ont accept\u00e9 ce qui suit en participant \u00e0 cette randonn\u00e9e. Le conducteur du v\u00e9hicule participant d\u00e9clare par la pr\u00e9sente qu&rsquo;il est titulaire d&rsquo;un permis de conduire valide et qu&rsquo;il n&rsquo;est pas disqualifi\u00e9 pour conduire un v\u00e9hicule. Le conducteur et le navigateur peuvent \u00e9changer leur [&hellip;]","og_url":"https:\/\/rk3.be\/fr\/clause-de-sauvegarde-rk3\/","og_site_name":"RK\u00b3 Roadtour","article_modified_time":"2026-03-19T13:50:28+00:00","og_image":[{"width":512,"height":512,"url":"https:\/\/rk3.be\/wp-content\/uploads\/2024\/03\/cropped-logo.jpg","type":"image\/jpeg"}],"twitter_card":"summary_large_image","twitter_misc":{"Dur\u00e9e de lecture est.":"2 minutes"},"schema":{"@context":"https:\/\/schema.org","@graph":[{"@type":"WebPage","@id":"https:\/\/rk3.be\/fr\/clause-de-sauvegarde-rk3\/","url":"https:\/\/rk3.be\/fr\/clause-de-sauvegarde-rk3\/","name":"Clause de sauvegarde RK\u00b3 - RK\u00b3 Roadtour","isPartOf":{"@id":"https:\/\/rk3.be\/fr\/#website"},"datePublished":"2024-03-26T06:55:24+00:00","dateModified":"2026-03-19T13:50:28+00:00","breadcrumb":{"@id":"https:\/\/rk3.be\/fr\/clause-de-sauvegarde-rk3\/#breadcrumb"},"inLanguage":"fr-BE","potentialAction":[{"@type":"ReadAction","target":["https:\/\/rk3.be\/fr\/clause-de-sauvegarde-rk3\/"]}]},{"@type":"BreadcrumbList","@id":"https:\/\/rk3.be\/fr\/clause-de-sauvegarde-rk3\/#breadcrumb","itemListElement":[{"@type":"ListItem","position":1,"name":"Home","item":"https:\/\/rk3.be\/fr\/"},{"@type":"ListItem","position":2,"name":"Clause de sauvegarde RK\u00b3"}]},{"@type":"WebSite","@id":"https:\/\/rk3.be\/fr\/#website","url":"https:\/\/rk3.be\/fr\/","name":"RK\u00b3 Roadtour","description":"","publisher":{"@id":"https:\/\/rk3.be\/fr\/#organization"},"potentialAction":[{"@type":"SearchAction","target":{"@type":"EntryPoint","urlTemplate":"https:\/\/rk3.be\/fr\/?s={search_term_string}"},"query-input":{"@type":"PropertyValueSpecification","valueRequired":true,"valueName":"search_term_string"}}],"inLanguage":"fr-BE"},{"@type":"Organization","@id":"https:\/\/rk3.be\/fr\/#organization","name":"RK\u00b3 Roadtour","url":"https:\/\/rk3.be\/fr\/","logo":{"@type":"ImageObject","inLanguage":"fr-BE","@id":"https:\/\/rk3.be\/fr\/#\/schema\/logo\/image\/","url":"https:\/\/rk3.be\/wp-content\/uploads\/2024\/03\/logo.jpg","contentUrl":"https:\/\/rk3.be\/wp-content\/uploads\/2024\/03\/logo.jpg","width":1000,"height":1000,"caption":"RK\u00b3 Roadtour"},"image":{"@id":"https:\/\/rk3.be\/fr\/#\/schema\/logo\/image\/"}}]}},"_links":{"self":[{"href":"https:\/\/rk3.be\/fr\/wp-json\/wp\/v2\/pages\/1485","targetHints":{"allow":["GET"]}}],"collection":[{"href":"https:\/\/rk3.be\/fr\/wp-json\/wp\/v2\/pages"}],"about":[{"href":"https:\/\/rk3.be\/fr\/wp-json\/wp\/v2\/types\/page"}],"author":[{"embeddable":true,"href":"https:\/\/rk3.be\/fr\/wp-json\/wp\/v2\/users\/1"}],"replies":[{"embeddable":true,"href":"https:\/\/rk3.be\/fr\/wp-json\/wp\/v2\/comments?post=1485"}],"version-history":[{"count":4,"href":"https:\/\/rk3.be\/fr\/wp-json\/wp\/v2\/pages\/1485\/revisions"}],"predecessor-version":[{"id":3822,"href":"https:\/\/rk3.be\/fr\/wp-json\/wp\/v2\/pages\/1485\/revisions\/3822"}],"wp:attachment":[{"href":"https:\/\/rk3.be\/fr\/wp-json\/wp\/v2\/media?parent=1485"}],"curies":[{"name":"wp","href":"https:\/\/api.w.org\/{rel}","templated":true}]}}