{"id":1469,"date":"2024-03-18T20:22:12","date_gmt":"2024-03-18T20:22:12","guid":{"rendered":"https:\/\/rk3.be\/a-quoi-pouvez-vous-vous-attendre\/"},"modified":"2024-03-30T06:58:21","modified_gmt":"2024-03-30T06:58:21","slug":"a-quoi-pouvez-vous-vous-attendre","status":"publish","type":"page","link":"https:\/\/rk3.be\/fr\/a-quoi-pouvez-vous-vous-attendre\/","title":{"rendered":"\u00c0 quoi pouvez-vous vous attendre ?"},"content":{"rendered":"\t\t<div data-elementor-type=\"wp-page\" data-elementor-id=\"1469\" class=\"elementor elementor-1469 elementor-16\" data-elementor-post-type=\"page\">\n\t\t\t\t<div class=\"elementor-element elementor-element-7b98196 e-con-full e-flex e-con e-parent\" data-id=\"7b98196\" data-element_type=\"container\" data-e-type=\"container\">\n\t\t<div class=\"elementor-element elementor-element-54825d7 e-con-full e-flex e-con e-child\" data-id=\"54825d7\" data-element_type=\"container\" data-e-type=\"container\" data-settings=\"{&quot;background_background&quot;:&quot;classic&quot;}\">\n\t\t\t\t<\/div>\n\t\t\t\t<\/div>\n\t\t<div class=\"elementor-element elementor-element-74f13cf e-flex e-con-boxed e-con e-parent\" data-id=\"74f13cf\" data-element_type=\"container\" data-e-type=\"container\" data-settings=\"{&quot;background_background&quot;:&quot;classic&quot;}\">\n\t\t\t\t\t<div class=\"e-con-inner\">\n\t\t\t\t<div class=\"elementor-element elementor-element-dca2a6e elementor-widget__width-initial elementor-widget elementor-widget-heading\" data-id=\"dca2a6e\" data-element_type=\"widget\" data-e-type=\"widget\" data-widget_type=\"heading.default\">\n\t\t\t\t<div class=\"elementor-widget-container\">\n\t\t\t\t\t<h2 class=\"elementor-heading-title elementor-size-default\">Gr\u00e2ce \u00e0 un Roadbook soigneusement \u00e9labor\u00e9 vous ferez la d\u00e9couverte de routes magnifiques moins connues le long de la c\u00f4te belge.<\/h2>\t\t\t\t<\/div>\n\t\t\t\t<\/div>\n\t\t\t\t<div class=\"elementor-element elementor-element-2847afd elementor-widget__width-initial elementor-widget elementor-widget-text-editor\" data-id=\"2847afd\" data-element_type=\"widget\" data-e-type=\"widget\" data-widget_type=\"text-editor.default\">\n\t\t\t\t<div class=\"elementor-widget-container\">\n\t\t\t\t\t\t\t\t\t<p>D\u00e9couvrez des paysages m\u00e9connus et profitez de vues magnifiques. Cr\u00e9ez des amiti\u00e9s et des relations d&rsquo;affaires dans une atmosph\u00e8re d\u00e9tendue et amicale.<\/p>\n\t\t\t\t\t\t\t\t<\/div>\n\t\t\t\t<\/div>\n\t\t\t\t<div class=\"elementor-element elementor-element-8960204 elementor-widget-divider--separator-type-pattern elementor-widget-divider--no-spacing elementor-widget-divider--view-line elementor-widget elementor-widget-divider\" data-id=\"8960204\" data-element_type=\"widget\" data-e-type=\"widget\" data-widget_type=\"divider.default\">\n\t\t\t\t<div class=\"elementor-widget-container\">\n\t\t\t\t\t\t\t<div class=\"elementor-divider\" style=\"--divider-pattern-url: url(&quot;data:image\/svg+xml,%3Csvg xmlns=&#039;http:\/\/www.w3.org\/2000\/svg&#039; preserveAspectRatio=&#039;xMidYMid meet&#039; overflow=&#039;visible&#039; height=&#039;100%&#039; viewBox=&#039;0 0 126 26&#039; fill=&#039;black&#039; stroke=&#039;none&#039;%3E%3Cpath d=&#039;M3,10.2c2.6,0,2.6,2,2.6,3.2S4.4,16.5,3,16.5s-3-1.4-3-3.2S0.4,10.2,3,10.2z M18.8,10.2c1.7,0,3.2,1.4,3.2,3.2s-1.4,3.2-3.2,3.2c-1.7,0-3.2-1.4-3.2-3.2S17,10.2,18.8,10.2z M34.6,10.2c1.5,0,2.6,1.4,2.6,3.2s-0.5,3.2-1.9,3.2c-1.5,0-3.4-1.4-3.4-3.2S33.1,10.2,34.6,10.2z M50.5,10.2c1.7,0,3.2,1.4,3.2,3.2s-1.4,3.2-3.2,3.2c-1.7,0-3.3-0.9-3.3-2.6S48.7,10.2,50.5,10.2z M66.2,10.2c1.5,0,3.4,1.4,3.4,3.2s-1.9,3.2-3.4,3.2c-1.5,0-2.6-0.4-2.6-2.1S64.8,10.2,66.2,10.2z M82.2,10.2c1.7,0.8,2.6,1.4,2.6,3.2s-0.1,3.2-1.6,3.2c-1.5,0-3.7-1.4-3.7-3.2S80.5,9.4,82.2,10.2zM98.6,10.2c1.5,0,2.6,0.4,2.6,2.1s-1.2,4.2-2.6,4.2c-1.5,0-3.7-0.4-3.7-2.1S97.1,10.2,98.6,10.2z M113.4,10.2c1.2,0,2.2,0.9,2.2,3.2s-0.1,3.2-1.3,3.2s-3.1-1.4-3.1-3.2S112.2,10.2,113.4,10.2z&#039;\/%3E%3C\/svg%3E&quot;);\">\n\t\t\t<span class=\"elementor-divider-separator\">\n\t\t\t\t\t\t<\/span>\n\t\t<\/div>\n\t\t\t\t\t\t<\/div>\n\t\t\t\t<\/div>\n\t\t\t\t\t<\/div>\n\t\t\t\t<\/div>\n\t\t<div class=\"elementor-element elementor-element-57d75ce e-flex e-con-boxed e-con e-parent\" data-id=\"57d75ce\" data-element_type=\"container\" data-e-type=\"container\" data-settings=\"{&quot;background_background&quot;:&quot;classic&quot;}\">\n\t\t\t\t\t<div class=\"e-con-inner\">\n\t\t<div class=\"elementor-element elementor-element-a7e1ead e-con-full e-flex e-con e-child\" data-id=\"a7e1ead\" data-element_type=\"container\" data-e-type=\"container\">\n\t\t\t\t<div class=\"elementor-element elementor-element-b974912 elementor-widget elementor-widget-image\" data-id=\"b974912\" data-element_type=\"widget\" data-e-type=\"widget\" data-widget_type=\"image.default\">\n\t\t\t\t<div class=\"elementor-widget-container\">\n\t\t\t\t\t\t\t\t\t\t\t\t\t\t\t<img fetchpriority=\"high\" decoding=\"async\" width=\"800\" height=\"533\" src=\"https:\/\/rk3.be\/wp-content\/uploads\/2024\/03\/RK3-23.jpg\" class=\"attachment-large size-large wp-image-684\" alt=\"\" srcset=\"https:\/\/rk3.be\/wp-content\/uploads\/2024\/03\/RK3-23.jpg 900w, https:\/\/rk3.be\/wp-content\/uploads\/2024\/03\/RK3-23-300x200.jpg 300w, https:\/\/rk3.be\/wp-content\/uploads\/2024\/03\/RK3-23-768x512.jpg 768w\" sizes=\"(max-width: 800px) 100vw, 800px\" \/>\t\t\t\t\t\t\t\t\t\t\t\t\t\t\t<\/div>\n\t\t\t\t<\/div>\n\t\t\t\t<\/div>\n\t\t<div class=\"elementor-element elementor-element-fdbd5f8 e-con-full e-flex e-con e-child\" data-id=\"fdbd5f8\" data-element_type=\"container\" data-e-type=\"container\" data-settings=\"{&quot;background_background&quot;:&quot;classic&quot;}\">\n\t\t\t\t<div class=\"elementor-element elementor-element-5719506 elementor-widget-mobile__width-initial elementor-widget elementor-widget-heading\" data-id=\"5719506\" data-element_type=\"widget\" data-e-type=\"widget\" data-widget_type=\"heading.default\">\n\t\t\t\t<div class=\"elementor-widget-container\">\n\t\t\t\t\t<h2 class=\"elementor-heading-title elementor-size-default\">Le programme<\/h2>\t\t\t\t<\/div>\n\t\t\t\t<\/div>\n\t\t\t\t<div class=\"elementor-element elementor-element-fa184ea elementor-widget-tablet__width-initial elementor-widget elementor-widget-text-editor\" data-id=\"fa184ea\" data-element_type=\"widget\" data-e-type=\"widget\" data-widget_type=\"text-editor.default\">\n\t\t\t\t<div class=\"elementor-widget-container\">\n\t\t\t\t\t\t\t\t\t<p>Le programme comprend une promenade le long de routes pittoresques. Nous cr\u00e9erons \u00a0ensemble des souvenirs qui dureront aussi longtemps que votre voiture de collection.<\/p>\n\t\t\t\t\t\t\t\t<\/div>\n\t\t\t\t<\/div>\n\t\t\t\t<\/div>\n\t\t\t\t\t<\/div>\n\t\t\t\t<\/div>\n\t\t<div class=\"elementor-element elementor-element-f042e17 e-flex e-con-boxed e-con e-parent\" data-id=\"f042e17\" data-element_type=\"container\" data-e-type=\"container\" data-settings=\"{&quot;background_background&quot;:&quot;classic&quot;}\">\n\t\t\t\t\t<div class=\"e-con-inner\">\n\t\t<div class=\"elementor-element elementor-element-bfc8c79 e-con-full e-flex e-con e-child\" data-id=\"bfc8c79\" data-element_type=\"container\" data-e-type=\"container\">\n\t\t\t\t<div class=\"elementor-element elementor-element-aae43b0 elementor-widget__width-initial elementor-widget elementor-widget-heading\" data-id=\"aae43b0\" data-element_type=\"widget\" data-e-type=\"widget\" data-widget_type=\"heading.default\">\n\t\t\t\t<div class=\"elementor-widget-container\">\n\t\t\t\t\t<h2 class=\"elementor-heading-title elementor-size-default\">Comment participer ?<\/h2>\t\t\t\t<\/div>\n\t\t\t\t<\/div>\n\t\t\t\t<div class=\"elementor-element elementor-element-da62e19 elementor-widget elementor-widget-heading\" data-id=\"da62e19\" data-element_type=\"widget\" data-e-type=\"widget\" data-widget_type=\"heading.default\">\n\t\t\t\t<div class=\"elementor-widget-container\">\n\t\t\t\t\t<p class=\"elementor-heading-title elementor-size-default\">N'h\u00e9sitez plus et cliquez sur le bouton ci-dessous !<\/p>\t\t\t\t<\/div>\n\t\t\t\t<\/div>\n\t\t\t\t<div class=\"elementor-element elementor-element-32e4d44 elementor-widget elementor-widget-button\" data-id=\"32e4d44\" data-element_type=\"widget\" data-e-type=\"widget\" data-widget_type=\"button.default\">\n\t\t\t\t<div class=\"elementor-widget-container\">\n\t\t\t\t\t\t\t\t\t<div class=\"elementor-button-wrapper\">\n\t\t\t\t\t<a class=\"elementor-button elementor-button-link elementor-size-sm\" href=\"https:\/\/rk3.be\/fr\/sinscrire\/\">\n\t\t\t\t\t\t<span class=\"elementor-button-content-wrapper\">\n\t\t\t\t\t\t\t\t\t<span class=\"elementor-button-text\">Je souhaite participer<\/span>\n\t\t\t\t\t<\/span>\n\t\t\t\t\t<\/a>\n\t\t\t\t<\/div>\n\t\t\t\t\t\t\t\t<\/div>\n\t\t\t\t<\/div>\n\t\t\t\t<\/div>\n\t\t\t\t\t<\/div>\n\t\t\t\t<\/div>\n\t\t\t\t<\/div>\n\t\t","protected":false},"excerpt":{"rendered":"<p>Gr\u00e2ce \u00e0 un Roadbook soigneusement \u00e9labor\u00e9 vous ferez la d\u00e9couverte de routes magnifiques moins connues le long de la c\u00f4te belge. D\u00e9couvrez des paysages m\u00e9connus et profitez de vues magnifiques. Cr\u00e9ez des amiti\u00e9s et des relations d&rsquo;affaires dans une atmosph\u00e8re d\u00e9tendue et amicale. Le programme Le programme comprend une promenade le long de routes pittoresques. [&hellip;]<\/p>\n","protected":false},"author":1,"featured_media":0,"parent":0,"menu_order":0,"comment_status":"closed","ping_status":"closed","template":"","meta":{"footnotes":""},"class_list":["post-1469","page","type-page","status-publish","hentry"],"yoast_head":"<!-- This site is optimized with the Yoast SEO plugin v27.0 - https:\/\/yoast.com\/product\/yoast-seo-wordpress\/ -->\n<title>RK\u00b3 Roadtour | \u00c0 quoi pouvez-vous vous attendre lors de notre rallye automobile ?<\/title>\n<meta name=\"description\" content=\"Pr\u00e9parez-vous \u00e0 une journ\u00e9e pleine d&#039;aventures et d&#039;amusements ! D\u00e9couvrez ce qui vous attend lors de notre rallye automobile, des routes pittoresques aux activit\u00e9s passionnantes et bien plus encore !\" \/>\n<meta name=\"robots\" content=\"index, follow, max-snippet:-1, max-image-preview:large, max-video-preview:-1\" \/>\n<link rel=\"canonical\" href=\"https:\/\/rk3.be\/fr\/a-quoi-pouvez-vous-vous-attendre\/\" \/>\n<meta property=\"og:locale\" content=\"fr_FR\" \/>\n<meta property=\"og:type\" content=\"article\" \/>\n<meta property=\"og:title\" content=\"RK\u00b3 Roadtour | \u00c0 quoi pouvez-vous vous attendre lors de notre rallye automobile ?\" \/>\n<meta property=\"og:description\" content=\"Pr\u00e9parez-vous \u00e0 une journ\u00e9e pleine d&#039;aventures et d&#039;amusements ! D\u00e9couvrez ce qui vous attend lors de notre rallye automobile, des routes pittoresques aux activit\u00e9s passionnantes et bien plus encore !\" \/>\n<meta property=\"og:url\" content=\"https:\/\/rk3.be\/fr\/a-quoi-pouvez-vous-vous-attendre\/\" \/>\n<meta property=\"og:site_name\" content=\"RK\u00b3 Roadtour\" \/>\n<meta property=\"article:modified_time\" content=\"2024-03-30T06:58:21+00:00\" \/>\n<meta property=\"og:image\" content=\"https:\/\/rk3.be\/wp-content\/uploads\/2024\/03\/RK3-23.jpg\" \/>\n<meta name=\"twitter:card\" content=\"summary_large_image\" \/>\n<meta name=\"twitter:label1\" content=\"Dur\u00e9e de lecture est.\" \/>\n\t<meta name=\"twitter:data1\" content=\"1 minute\" \/>\n<script type=\"application\/ld+json\" class=\"yoast-schema-graph\">{\"@context\":\"https:\/\/schema.org\",\"@graph\":[{\"@type\":\"WebPage\",\"@id\":\"https:\/\/rk3.be\/fr\/a-quoi-pouvez-vous-vous-attendre\/\",\"url\":\"https:\/\/rk3.be\/fr\/a-quoi-pouvez-vous-vous-attendre\/\",\"name\":\"RK\u00b3 Roadtour | \u00c0 quoi pouvez-vous vous attendre lors de notre rallye automobile ?\",\"isPartOf\":{\"@id\":\"https:\/\/rk3.be\/fr\/#website\"},\"primaryImageOfPage\":{\"@id\":\"https:\/\/rk3.be\/fr\/a-quoi-pouvez-vous-vous-attendre\/#primaryimage\"},\"image\":{\"@id\":\"https:\/\/rk3.be\/fr\/a-quoi-pouvez-vous-vous-attendre\/#primaryimage\"},\"thumbnailUrl\":\"https:\/\/rk3.be\/wp-content\/uploads\/2024\/03\/RK3-23.jpg\",\"datePublished\":\"2024-03-18T20:22:12+00:00\",\"dateModified\":\"2024-03-30T06:58:21+00:00\",\"description\":\"Pr\u00e9parez-vous \u00e0 une journ\u00e9e pleine d'aventures et d'amusements ! D\u00e9couvrez ce qui vous attend lors de notre rallye automobile, des routes pittoresques aux activit\u00e9s passionnantes et bien plus encore !\",\"breadcrumb\":{\"@id\":\"https:\/\/rk3.be\/fr\/a-quoi-pouvez-vous-vous-attendre\/#breadcrumb\"},\"inLanguage\":\"fr-BE\",\"potentialAction\":[{\"@type\":\"ReadAction\",\"target\":[\"https:\/\/rk3.be\/fr\/a-quoi-pouvez-vous-vous-attendre\/\"]}]},{\"@type\":\"ImageObject\",\"inLanguage\":\"fr-BE\",\"@id\":\"https:\/\/rk3.be\/fr\/a-quoi-pouvez-vous-vous-attendre\/#primaryimage\",\"url\":\"https:\/\/rk3.be\/wp-content\/uploads\/2024\/03\/RK3-23.jpg\",\"contentUrl\":\"https:\/\/rk3.be\/wp-content\/uploads\/2024\/03\/RK3-23.jpg\"},{\"@type\":\"BreadcrumbList\",\"@id\":\"https:\/\/rk3.be\/fr\/a-quoi-pouvez-vous-vous-attendre\/#breadcrumb\",\"itemListElement\":[{\"@type\":\"ListItem\",\"position\":1,\"name\":\"Home\",\"item\":\"https:\/\/rk3.be\/fr\/\"},{\"@type\":\"ListItem\",\"position\":2,\"name\":\"\u00c0 quoi pouvez-vous vous attendre ?\"}]},{\"@type\":\"WebSite\",\"@id\":\"https:\/\/rk3.be\/fr\/#website\",\"url\":\"https:\/\/rk3.be\/fr\/\",\"name\":\"RK\u00b3 Roadtour\",\"description\":\"\",\"publisher\":{\"@id\":\"https:\/\/rk3.be\/fr\/#organization\"},\"potentialAction\":[{\"@type\":\"SearchAction\",\"target\":{\"@type\":\"EntryPoint\",\"urlTemplate\":\"https:\/\/rk3.be\/fr\/?s={search_term_string}\"},\"query-input\":{\"@type\":\"PropertyValueSpecification\",\"valueRequired\":true,\"valueName\":\"search_term_string\"}}],\"inLanguage\":\"fr-BE\"},{\"@type\":\"Organization\",\"@id\":\"https:\/\/rk3.be\/fr\/#organization\",\"name\":\"RK\u00b3 Roadtour\",\"url\":\"https:\/\/rk3.be\/fr\/\",\"logo\":{\"@type\":\"ImageObject\",\"inLanguage\":\"fr-BE\",\"@id\":\"https:\/\/rk3.be\/fr\/#\/schema\/logo\/image\/\",\"url\":\"https:\/\/rk3.be\/wp-content\/uploads\/2024\/03\/logo.jpg\",\"contentUrl\":\"https:\/\/rk3.be\/wp-content\/uploads\/2024\/03\/logo.jpg\",\"width\":1000,\"height\":1000,\"caption\":\"RK\u00b3 Roadtour\"},\"image\":{\"@id\":\"https:\/\/rk3.be\/fr\/#\/schema\/logo\/image\/\"}}]}<\/script>\n<!-- \/ Yoast SEO plugin. -->","yoast_head_json":{"title":"RK\u00b3 Roadtour | \u00c0 quoi pouvez-vous vous attendre lors de notre rallye automobile ?","description":"Pr\u00e9parez-vous \u00e0 une journ\u00e9e pleine d'aventures et d'amusements ! D\u00e9couvrez ce qui vous attend lors de notre rallye automobile, des routes pittoresques aux activit\u00e9s passionnantes et bien plus encore !","robots":{"index":"index","follow":"follow","max-snippet":"max-snippet:-1","max-image-preview":"max-image-preview:large","max-video-preview":"max-video-preview:-1"},"canonical":"https:\/\/rk3.be\/fr\/a-quoi-pouvez-vous-vous-attendre\/","og_locale":"fr_FR","og_type":"article","og_title":"RK\u00b3 Roadtour | \u00c0 quoi pouvez-vous vous attendre lors de notre rallye automobile ?","og_description":"Pr\u00e9parez-vous \u00e0 une journ\u00e9e pleine d'aventures et d'amusements ! D\u00e9couvrez ce qui vous attend lors de notre rallye automobile, des routes pittoresques aux activit\u00e9s passionnantes et bien plus encore !","og_url":"https:\/\/rk3.be\/fr\/a-quoi-pouvez-vous-vous-attendre\/","og_site_name":"RK\u00b3 Roadtour","article_modified_time":"2024-03-30T06:58:21+00:00","og_image":[{"url":"https:\/\/rk3.be\/wp-content\/uploads\/2024\/03\/RK3-23.jpg","type":"","width":"","height":""}],"twitter_card":"summary_large_image","twitter_misc":{"Dur\u00e9e de lecture est.":"1 minute"},"schema":{"@context":"https:\/\/schema.org","@graph":[{"@type":"WebPage","@id":"https:\/\/rk3.be\/fr\/a-quoi-pouvez-vous-vous-attendre\/","url":"https:\/\/rk3.be\/fr\/a-quoi-pouvez-vous-vous-attendre\/","name":"RK\u00b3 Roadtour | \u00c0 quoi pouvez-vous vous attendre lors de notre rallye automobile ?","isPartOf":{"@id":"https:\/\/rk3.be\/fr\/#website"},"primaryImageOfPage":{"@id":"https:\/\/rk3.be\/fr\/a-quoi-pouvez-vous-vous-attendre\/#primaryimage"},"image":{"@id":"https:\/\/rk3.be\/fr\/a-quoi-pouvez-vous-vous-attendre\/#primaryimage"},"thumbnailUrl":"https:\/\/rk3.be\/wp-content\/uploads\/2024\/03\/RK3-23.jpg","datePublished":"2024-03-18T20:22:12+00:00","dateModified":"2024-03-30T06:58:21+00:00","description":"Pr\u00e9parez-vous \u00e0 une journ\u00e9e pleine d'aventures et d'amusements ! D\u00e9couvrez ce qui vous attend lors de notre rallye automobile, des routes pittoresques aux activit\u00e9s passionnantes et bien plus encore !","breadcrumb":{"@id":"https:\/\/rk3.be\/fr\/a-quoi-pouvez-vous-vous-attendre\/#breadcrumb"},"inLanguage":"fr-BE","potentialAction":[{"@type":"ReadAction","target":["https:\/\/rk3.be\/fr\/a-quoi-pouvez-vous-vous-attendre\/"]}]},{"@type":"ImageObject","inLanguage":"fr-BE","@id":"https:\/\/rk3.be\/fr\/a-quoi-pouvez-vous-vous-attendre\/#primaryimage","url":"https:\/\/rk3.be\/wp-content\/uploads\/2024\/03\/RK3-23.jpg","contentUrl":"https:\/\/rk3.be\/wp-content\/uploads\/2024\/03\/RK3-23.jpg"},{"@type":"BreadcrumbList","@id":"https:\/\/rk3.be\/fr\/a-quoi-pouvez-vous-vous-attendre\/#breadcrumb","itemListElement":[{"@type":"ListItem","position":1,"name":"Home","item":"https:\/\/rk3.be\/fr\/"},{"@type":"ListItem","position":2,"name":"\u00c0 quoi pouvez-vous vous attendre ?"}]},{"@type":"WebSite","@id":"https:\/\/rk3.be\/fr\/#website","url":"https:\/\/rk3.be\/fr\/","name":"RK\u00b3 Roadtour","description":"","publisher":{"@id":"https:\/\/rk3.be\/fr\/#organization"},"potentialAction":[{"@type":"SearchAction","target":{"@type":"EntryPoint","urlTemplate":"https:\/\/rk3.be\/fr\/?s={search_term_string}"},"query-input":{"@type":"PropertyValueSpecification","valueRequired":true,"valueName":"search_term_string"}}],"inLanguage":"fr-BE"},{"@type":"Organization","@id":"https:\/\/rk3.be\/fr\/#organization","name":"RK\u00b3 Roadtour","url":"https:\/\/rk3.be\/fr\/","logo":{"@type":"ImageObject","inLanguage":"fr-BE","@id":"https:\/\/rk3.be\/fr\/#\/schema\/logo\/image\/","url":"https:\/\/rk3.be\/wp-content\/uploads\/2024\/03\/logo.jpg","contentUrl":"https:\/\/rk3.be\/wp-content\/uploads\/2024\/03\/logo.jpg","width":1000,"height":1000,"caption":"RK\u00b3 Roadtour"},"image":{"@id":"https:\/\/rk3.be\/fr\/#\/schema\/logo\/image\/"}}]}},"_links":{"self":[{"href":"https:\/\/rk3.be\/fr\/wp-json\/wp\/v2\/pages\/1469","targetHints":{"allow":["GET"]}}],"collection":[{"href":"https:\/\/rk3.be\/fr\/wp-json\/wp\/v2\/pages"}],"about":[{"href":"https:\/\/rk3.be\/fr\/wp-json\/wp\/v2\/types\/page"}],"author":[{"embeddable":true,"href":"https:\/\/rk3.be\/fr\/wp-json\/wp\/v2\/users\/1"}],"replies":[{"embeddable":true,"href":"https:\/\/rk3.be\/fr\/wp-json\/wp\/v2\/comments?post=1469"}],"version-history":[{"count":5,"href":"https:\/\/rk3.be\/fr\/wp-json\/wp\/v2\/pages\/1469\/revisions"}],"predecessor-version":[{"id":1535,"href":"https:\/\/rk3.be\/fr\/wp-json\/wp\/v2\/pages\/1469\/revisions\/1535"}],"wp:attachment":[{"href":"https:\/\/rk3.be\/fr\/wp-json\/wp\/v2\/media?parent=1469"}],"curies":[{"name":"wp","href":"https:\/\/api.w.org\/{rel}","templated":true}]}}