{"id":1467,"date":"2024-03-18T20:22:50","date_gmt":"2024-03-18T20:22:50","guid":{"rendered":"https:\/\/rk3.be\/contact\/"},"modified":"2024-03-29T19:41:42","modified_gmt":"2024-03-29T19:41:42","slug":"contact","status":"publish","type":"page","link":"https:\/\/rk3.be\/fr\/contact\/","title":{"rendered":"Contact"},"content":{"rendered":"\t\t<div data-elementor-type=\"wp-page\" data-elementor-id=\"1467\" class=\"elementor elementor-1467 elementor-24\" data-elementor-post-type=\"page\">\n\t\t\t\t<div class=\"elementor-element elementor-element-65e077f e-con-full e-flex e-con e-parent\" data-id=\"65e077f\" data-element_type=\"container\" data-e-type=\"container\">\n\t\t<div class=\"elementor-element elementor-element-88eaf6d e-con-full e-flex e-con e-child\" data-id=\"88eaf6d\" data-element_type=\"container\" data-e-type=\"container\" data-settings=\"{&quot;background_background&quot;:&quot;classic&quot;}\">\n\t\t\t\t<\/div>\n\t\t\t\t<\/div>\n\t\t<div class=\"elementor-element elementor-element-9595071 e-flex e-con-boxed e-con e-parent\" data-id=\"9595071\" data-element_type=\"container\" data-e-type=\"container\">\n\t\t\t\t\t<div class=\"e-con-inner\">\n\t\t\t\t<div class=\"elementor-element elementor-element-fb08ee6 elementor-widget-divider--view-line_text elementor-widget-divider--element-align-center elementor-widget elementor-widget-divider\" data-id=\"fb08ee6\" data-element_type=\"widget\" data-e-type=\"widget\" data-widget_type=\"divider.default\">\n\t\t\t\t<div class=\"elementor-widget-container\">\n\t\t\t\t\t\t\t<div class=\"elementor-divider\">\n\t\t\t<span class=\"elementor-divider-separator\">\n\t\t\t\t\t\t\t<h2 class=\"elementor-divider__text elementor-divider__element\">\n\t\t\t\t<span style=\"font-weight:700;\">Contactez-nous<\/span> pour plus d'informations\t\t\t\t<\/h2>\n\t\t\t\t\t\t<\/span>\n\t\t<\/div>\n\t\t\t\t\t\t<\/div>\n\t\t\t\t<\/div>\n\t\t\t\t<div class=\"elementor-element elementor-element-0429c92 elementor-widget__width-initial elementor-widget elementor-widget-text-editor\" data-id=\"0429c92\" data-element_type=\"widget\" data-e-type=\"widget\" data-widget_type=\"text-editor.default\">\n\t\t\t\t<div class=\"elementor-widget-container\">\n\t\t\t\t\t\t\t\t\t<p>Vous avez des questions sur le rallye automobile ou vous souhaitez recevoir plus d&rsquo;informations ? N&rsquo;h\u00e9sitez pas \u00e0 nous contacter ! Nous sommes pr\u00eats \u00e0 r\u00e9pondre \u00e0 toutes vos questions et \u00e0 vous fournir tous les d\u00e9tails n\u00e9cessaires. Vous pouvez nous contacter en utilisant les coordonn\u00e9es ci-dessous. Nous nous r\u00e9jouissons de vous rencontrer et de vous accueillir \u00e0 cet \u00e9v\u00e9nement passionnant !<\/p>\n\t\t\t\t\t\t\t\t<\/div>\n\t\t\t\t<\/div>\n\t\t\t\t\t<\/div>\n\t\t\t\t<\/div>\n\t\t<div class=\"elementor-element elementor-element-37ab93c e-flex e-con-boxed e-con e-parent\" data-id=\"37ab93c\" data-element_type=\"container\" data-e-type=\"container\">\n\t\t\t\t\t<div class=\"e-con-inner\">\n\t\t\t\t<div class=\"elementor-element elementor-element-5e998ad elementor-view-framed elementor-widget-tablet__width-initial elementor-widget-mobile__width-inherit elementor-shape-circle elementor-position-block-start elementor-mobile-position-block-start elementor-widget elementor-widget-icon-box\" data-id=\"5e998ad\" data-element_type=\"widget\" data-e-type=\"widget\" data-widget_type=\"icon-box.default\">\n\t\t\t\t<div class=\"elementor-widget-container\">\n\t\t\t\t\t\t\t<div class=\"elementor-icon-box-wrapper\">\n\n\t\t\t\t\t\t<div class=\"elementor-icon-box-icon\">\n\t\t\t\t<span  class=\"elementor-icon\">\n\t\t\t\t<svg aria-hidden=\"true\" class=\"e-font-icon-svg e-fas-map-marker-alt\" viewBox=\"0 0 384 512\" xmlns=\"http:\/\/www.w3.org\/2000\/svg\"><path d=\"M172.268 501.67C26.97 291.031 0 269.413 0 192 0 85.961 85.961 0 192 0s192 85.961 192 192c0 77.413-26.97 99.031-172.268 309.67-9.535 13.774-29.93 13.773-39.464 0zM192 272c44.183 0 80-35.817 80-80s-35.817-80-80-80-80 35.817-80 80 35.817 80 80 80z\"><\/path><\/svg>\t\t\t\t<\/span>\n\t\t\t<\/div>\n\t\t\t\n\t\t\t\t\t\t<div class=\"elementor-icon-box-content\">\n\n\t\t\t\t\t\t\t\t\t<h3 class=\"elementor-icon-box-title\">\n\t\t\t\t\t\t<span  >\n\t\t\t\t\t\t\tRK3 vzw\t\t\t\t\t\t<\/span>\n\t\t\t\t\t<\/h3>\n\t\t\t\t\n\t\t\t\t\t\t\t\t\t<p class=\"elementor-icon-box-description\">\n\t\t\t\t\t\t8301 Ramskapelle\r\n\t\t\t\t\t<\/p>\n\t\t\t\t\n\t\t\t<\/div>\n\t\t\t\n\t\t<\/div>\n\t\t\t\t\t\t<\/div>\n\t\t\t\t<\/div>\n\t\t\t\t<div class=\"elementor-element elementor-element-f43c44c elementor-view-framed elementor-widget-tablet__width-initial elementor-widget-mobile__width-inherit elementor-shape-circle elementor-position-block-start elementor-mobile-position-block-start elementor-widget elementor-widget-icon-box\" data-id=\"f43c44c\" data-element_type=\"widget\" data-e-type=\"widget\" data-widget_type=\"icon-box.default\">\n\t\t\t\t<div class=\"elementor-widget-container\">\n\t\t\t\t\t\t\t<div class=\"elementor-icon-box-wrapper\">\n\n\t\t\t\t\t\t<div class=\"elementor-icon-box-icon\">\n\t\t\t\t<a href=\"mailto:info@rk3.be\" class=\"elementor-icon\" tabindex=\"-1\" aria-label=\"E-mail\">\n\t\t\t\t<svg aria-hidden=\"true\" class=\"e-font-icon-svg e-fas-envelope-open\" viewBox=\"0 0 512 512\" xmlns=\"http:\/\/www.w3.org\/2000\/svg\"><path d=\"M512 464c0 26.51-21.49 48-48 48H48c-26.51 0-48-21.49-48-48V200.724a48 48 0 0 1 18.387-37.776c24.913-19.529 45.501-35.365 164.2-121.511C199.412 29.17 232.797-.347 256 .003c23.198-.354 56.596 29.172 73.413 41.433 118.687 86.137 139.303 101.995 164.2 121.512A48 48 0 0 1 512 200.724V464zm-65.666-196.605c-2.563-3.728-7.7-4.595-11.339-1.907-22.845 16.873-55.462 40.705-105.582 77.079-16.825 12.266-50.21 41.781-73.413 41.43-23.211.344-56.559-29.143-73.413-41.43-50.114-36.37-82.734-60.204-105.582-77.079-3.639-2.688-8.776-1.821-11.339 1.907l-9.072 13.196a7.998 7.998 0 0 0 1.839 10.967c22.887 16.899 55.454 40.69 105.303 76.868 20.274 14.781 56.524 47.813 92.264 47.573 35.724.242 71.961-32.771 92.263-47.573 49.85-36.179 82.418-59.97 105.303-76.868a7.998 7.998 0 0 0 1.839-10.967l-9.071-13.196z\"><\/path><\/svg>\t\t\t\t<\/a>\n\t\t\t<\/div>\n\t\t\t\n\t\t\t\t\t\t<div class=\"elementor-icon-box-content\">\n\n\t\t\t\t\t\t\t\t\t<h3 class=\"elementor-icon-box-title\">\n\t\t\t\t\t\t<a href=\"mailto:info@rk3.be\" >\n\t\t\t\t\t\t\tE-mail\t\t\t\t\t\t<\/a>\n\t\t\t\t\t<\/h3>\n\t\t\t\t\n\t\t\t\t\t\t\t\t\t<p class=\"elementor-icon-box-description\">\n\t\t\t\t\t\tinfo@rk3.be\t\t\t\t\t<\/p>\n\t\t\t\t\n\t\t\t<\/div>\n\t\t\t\n\t\t<\/div>\n\t\t\t\t\t\t<\/div>\n\t\t\t\t<\/div>\n\t\t\t\t<div class=\"elementor-element elementor-element-e7ed12e elementor-view-framed elementor-widget-tablet__width-initial elementor-widget-mobile__width-inherit elementor-shape-circle elementor-position-block-start elementor-mobile-position-block-start elementor-widget elementor-widget-icon-box\" data-id=\"e7ed12e\" data-element_type=\"widget\" data-e-type=\"widget\" data-widget_type=\"icon-box.default\">\n\t\t\t\t<div class=\"elementor-widget-container\">\n\t\t\t\t\t\t\t<div class=\"elementor-icon-box-wrapper\">\n\n\t\t\t\t\t\t<div class=\"elementor-icon-box-icon\">\n\t\t\t\t<span  class=\"elementor-icon\">\n\t\t\t\t<svg aria-hidden=\"true\" class=\"e-font-icon-svg e-fas-gavel\" viewBox=\"0 0 512 512\" xmlns=\"http:\/\/www.w3.org\/2000\/svg\"><path d=\"M504.971 199.362l-22.627-22.627c-9.373-9.373-24.569-9.373-33.941 0l-5.657 5.657L329.608 69.255l5.657-5.657c9.373-9.373 9.373-24.569 0-33.941L312.638 7.029c-9.373-9.373-24.569-9.373-33.941 0L154.246 131.48c-9.373 9.373-9.373 24.569 0 33.941l22.627 22.627c9.373 9.373 24.569 9.373 33.941 0l5.657-5.657 39.598 39.598-81.04 81.04-5.657-5.657c-12.497-12.497-32.758-12.497-45.255 0L9.373 412.118c-12.497 12.497-12.497 32.758 0 45.255l45.255 45.255c12.497 12.497 32.758 12.497 45.255 0l114.745-114.745c12.497-12.497 12.497-32.758 0-45.255l-5.657-5.657 81.04-81.04 39.598 39.598-5.657 5.657c-9.373 9.373-9.373 24.569 0 33.941l22.627 22.627c9.373 9.373 24.569 9.373 33.941 0l124.451-124.451c9.372-9.372 9.372-24.568 0-33.941z\"><\/path><\/svg>\t\t\t\t<\/span>\n\t\t\t<\/div>\n\t\t\t\n\t\t\t\t\t\t<div class=\"elementor-icon-box-content\">\n\n\t\t\t\t\t\t\t\t\t<h3 class=\"elementor-icon-box-title\">\n\t\t\t\t\t\t<span  >\n\t\t\t\t\t\t\tNum\u00e9ro de TVA\t\t\t\t\t\t<\/span>\n\t\t\t\t\t<\/h3>\n\t\t\t\t\n\t\t\t\t\t\t\t\t\t<p class=\"elementor-icon-box-description\">\n\t\t\t\t\t\tBE0802326392\t\t\t\t\t<\/p>\n\t\t\t\t\n\t\t\t<\/div>\n\t\t\t\n\t\t<\/div>\n\t\t\t\t\t\t<\/div>\n\t\t\t\t<\/div>\n\t\t\t\t\t<\/div>\n\t\t\t\t<\/div>\n\t\t<div class=\"elementor-element elementor-element-43253ca e-flex e-con-boxed e-con e-parent\" data-id=\"43253ca\" data-element_type=\"container\" data-e-type=\"container\">\n\t\t\t\t\t<div class=\"e-con-inner\">\n\t\t\t\t<div class=\"elementor-element elementor-element-d3a4020 elementor-widget elementor-widget-google_maps\" data-id=\"d3a4020\" data-element_type=\"widget\" data-e-type=\"widget\" data-widget_type=\"google_maps.default\">\n\t\t\t\t<div class=\"elementor-widget-container\">\n\t\t\t\t\t\t\t<div class=\"elementor-custom-embed\">\n\t\t\t<iframe loading=\"lazy\"\n\t\t\t\t\tsrc=\"https:\/\/maps.google.com\/maps?q=8301%20Ramskapelle&#038;t=m&#038;z=12&#038;output=embed&#038;iwloc=near\"\n\t\t\t\t\ttitle=\"8301 Ramskapelle\"\n\t\t\t\t\taria-label=\"8301 Ramskapelle\"\n\t\t\t><\/iframe>\n\t\t<\/div>\n\t\t\t\t\t\t<\/div>\n\t\t\t\t<\/div>\n\t\t\t\t\t<\/div>\n\t\t\t\t<\/div>\n\t\t\t\t<\/div>\n\t\t","protected":false},"excerpt":{"rendered":"<p>Contactez-nous pour plus d&rsquo;informations Vous avez des questions sur le rallye automobile ou vous souhaitez recevoir plus d&rsquo;informations ? N&rsquo;h\u00e9sitez pas \u00e0 nous contacter ! Nous sommes pr\u00eats \u00e0 r\u00e9pondre \u00e0 toutes vos questions et \u00e0 vous fournir tous les d\u00e9tails n\u00e9cessaires. Vous pouvez nous contacter en utilisant les coordonn\u00e9es ci-dessous. Nous nous r\u00e9jouissons de [&hellip;]<\/p>\n","protected":false},"author":1,"featured_media":0,"parent":0,"menu_order":0,"comment_status":"closed","ping_status":"closed","template":"","meta":{"footnotes":""},"class_list":["post-1467","page","type-page","status-publish","hentry"],"yoast_head":"<!-- This site is optimized with the Yoast SEO plugin v27.0 - https:\/\/yoast.com\/product\/yoast-seo-wordpress\/ -->\n<title>RK\u00b3 Roadtour | Contactez-nous pour plus d&#039;informations<\/title>\n<meta name=\"description\" content=\"Si vous avez des questions, des commentaires ou de plus amples informations sur notre rallye automobile, n&#039;h\u00e9sitez pas \u00e0 nous contacter. Nous serions ravis d&#039;avoir de vos nouvelles !\" \/>\n<meta name=\"robots\" content=\"index, follow, max-snippet:-1, max-image-preview:large, max-video-preview:-1\" \/>\n<link rel=\"canonical\" href=\"https:\/\/rk3.be\/fr\/contact\/\" \/>\n<meta property=\"og:locale\" content=\"fr_FR\" \/>\n<meta property=\"og:type\" content=\"article\" \/>\n<meta property=\"og:title\" content=\"RK\u00b3 Roadtour | Contactez-nous pour plus d&#039;informations\" \/>\n<meta property=\"og:description\" content=\"Si vous avez des questions, des commentaires ou de plus amples informations sur notre rallye automobile, n&#039;h\u00e9sitez pas \u00e0 nous contacter. Nous serions ravis d&#039;avoir de vos nouvelles !\" \/>\n<meta property=\"og:url\" content=\"https:\/\/rk3.be\/fr\/contact\/\" \/>\n<meta property=\"og:site_name\" content=\"RK\u00b3 Roadtour\" \/>\n<meta property=\"article:modified_time\" content=\"2024-03-29T19:41:42+00:00\" \/>\n<meta property=\"og:image\" content=\"https:\/\/rk3.be\/wp-content\/uploads\/2024\/03\/cropped-logo.jpg\" \/>\n\t<meta property=\"og:image:width\" content=\"512\" \/>\n\t<meta property=\"og:image:height\" content=\"512\" \/>\n\t<meta property=\"og:image:type\" content=\"image\/jpeg\" \/>\n<meta name=\"twitter:card\" content=\"summary_large_image\" \/>\n<script type=\"application\/ld+json\" class=\"yoast-schema-graph\">{\"@context\":\"https:\/\/schema.org\",\"@graph\":[{\"@type\":\"WebPage\",\"@id\":\"https:\/\/rk3.be\/fr\/contact\/\",\"url\":\"https:\/\/rk3.be\/fr\/contact\/\",\"name\":\"RK\u00b3 Roadtour | Contactez-nous pour plus d'informations\",\"isPartOf\":{\"@id\":\"https:\/\/rk3.be\/fr\/#website\"},\"datePublished\":\"2024-03-18T20:22:50+00:00\",\"dateModified\":\"2024-03-29T19:41:42+00:00\",\"description\":\"Si vous avez des questions, des commentaires ou de plus amples informations sur notre rallye automobile, n'h\u00e9sitez pas \u00e0 nous contacter. Nous serions ravis d'avoir de vos nouvelles !\",\"breadcrumb\":{\"@id\":\"https:\/\/rk3.be\/fr\/contact\/#breadcrumb\"},\"inLanguage\":\"fr-BE\",\"potentialAction\":[{\"@type\":\"ReadAction\",\"target\":[\"https:\/\/rk3.be\/fr\/contact\/\"]}]},{\"@type\":\"BreadcrumbList\",\"@id\":\"https:\/\/rk3.be\/fr\/contact\/#breadcrumb\",\"itemListElement\":[{\"@type\":\"ListItem\",\"position\":1,\"name\":\"Home\",\"item\":\"https:\/\/rk3.be\/fr\/\"},{\"@type\":\"ListItem\",\"position\":2,\"name\":\"Contact\"}]},{\"@type\":\"WebSite\",\"@id\":\"https:\/\/rk3.be\/fr\/#website\",\"url\":\"https:\/\/rk3.be\/fr\/\",\"name\":\"RK\u00b3 Roadtour\",\"description\":\"\",\"publisher\":{\"@id\":\"https:\/\/rk3.be\/fr\/#organization\"},\"potentialAction\":[{\"@type\":\"SearchAction\",\"target\":{\"@type\":\"EntryPoint\",\"urlTemplate\":\"https:\/\/rk3.be\/fr\/?s={search_term_string}\"},\"query-input\":{\"@type\":\"PropertyValueSpecification\",\"valueRequired\":true,\"valueName\":\"search_term_string\"}}],\"inLanguage\":\"fr-BE\"},{\"@type\":\"Organization\",\"@id\":\"https:\/\/rk3.be\/fr\/#organization\",\"name\":\"RK\u00b3 Roadtour\",\"url\":\"https:\/\/rk3.be\/fr\/\",\"logo\":{\"@type\":\"ImageObject\",\"inLanguage\":\"fr-BE\",\"@id\":\"https:\/\/rk3.be\/fr\/#\/schema\/logo\/image\/\",\"url\":\"https:\/\/rk3.be\/wp-content\/uploads\/2024\/03\/logo.jpg\",\"contentUrl\":\"https:\/\/rk3.be\/wp-content\/uploads\/2024\/03\/logo.jpg\",\"width\":1000,\"height\":1000,\"caption\":\"RK\u00b3 Roadtour\"},\"image\":{\"@id\":\"https:\/\/rk3.be\/fr\/#\/schema\/logo\/image\/\"}}]}<\/script>\n<!-- \/ Yoast SEO plugin. -->","yoast_head_json":{"title":"RK\u00b3 Roadtour | Contactez-nous pour plus d'informations","description":"Si vous avez des questions, des commentaires ou de plus amples informations sur notre rallye automobile, n'h\u00e9sitez pas \u00e0 nous contacter. Nous serions ravis d'avoir de vos nouvelles !","robots":{"index":"index","follow":"follow","max-snippet":"max-snippet:-1","max-image-preview":"max-image-preview:large","max-video-preview":"max-video-preview:-1"},"canonical":"https:\/\/rk3.be\/fr\/contact\/","og_locale":"fr_FR","og_type":"article","og_title":"RK\u00b3 Roadtour | Contactez-nous pour plus d'informations","og_description":"Si vous avez des questions, des commentaires ou de plus amples informations sur notre rallye automobile, n'h\u00e9sitez pas \u00e0 nous contacter. Nous serions ravis d'avoir de vos nouvelles !","og_url":"https:\/\/rk3.be\/fr\/contact\/","og_site_name":"RK\u00b3 Roadtour","article_modified_time":"2024-03-29T19:41:42+00:00","og_image":[{"width":512,"height":512,"url":"https:\/\/rk3.be\/wp-content\/uploads\/2024\/03\/cropped-logo.jpg","type":"image\/jpeg"}],"twitter_card":"summary_large_image","schema":{"@context":"https:\/\/schema.org","@graph":[{"@type":"WebPage","@id":"https:\/\/rk3.be\/fr\/contact\/","url":"https:\/\/rk3.be\/fr\/contact\/","name":"RK\u00b3 Roadtour | Contactez-nous pour plus d'informations","isPartOf":{"@id":"https:\/\/rk3.be\/fr\/#website"},"datePublished":"2024-03-18T20:22:50+00:00","dateModified":"2024-03-29T19:41:42+00:00","description":"Si vous avez des questions, des commentaires ou de plus amples informations sur notre rallye automobile, n'h\u00e9sitez pas \u00e0 nous contacter. Nous serions ravis d'avoir de vos nouvelles !","breadcrumb":{"@id":"https:\/\/rk3.be\/fr\/contact\/#breadcrumb"},"inLanguage":"fr-BE","potentialAction":[{"@type":"ReadAction","target":["https:\/\/rk3.be\/fr\/contact\/"]}]},{"@type":"BreadcrumbList","@id":"https:\/\/rk3.be\/fr\/contact\/#breadcrumb","itemListElement":[{"@type":"ListItem","position":1,"name":"Home","item":"https:\/\/rk3.be\/fr\/"},{"@type":"ListItem","position":2,"name":"Contact"}]},{"@type":"WebSite","@id":"https:\/\/rk3.be\/fr\/#website","url":"https:\/\/rk3.be\/fr\/","name":"RK\u00b3 Roadtour","description":"","publisher":{"@id":"https:\/\/rk3.be\/fr\/#organization"},"potentialAction":[{"@type":"SearchAction","target":{"@type":"EntryPoint","urlTemplate":"https:\/\/rk3.be\/fr\/?s={search_term_string}"},"query-input":{"@type":"PropertyValueSpecification","valueRequired":true,"valueName":"search_term_string"}}],"inLanguage":"fr-BE"},{"@type":"Organization","@id":"https:\/\/rk3.be\/fr\/#organization","name":"RK\u00b3 Roadtour","url":"https:\/\/rk3.be\/fr\/","logo":{"@type":"ImageObject","inLanguage":"fr-BE","@id":"https:\/\/rk3.be\/fr\/#\/schema\/logo\/image\/","url":"https:\/\/rk3.be\/wp-content\/uploads\/2024\/03\/logo.jpg","contentUrl":"https:\/\/rk3.be\/wp-content\/uploads\/2024\/03\/logo.jpg","width":1000,"height":1000,"caption":"RK\u00b3 Roadtour"},"image":{"@id":"https:\/\/rk3.be\/fr\/#\/schema\/logo\/image\/"}}]}},"_links":{"self":[{"href":"https:\/\/rk3.be\/fr\/wp-json\/wp\/v2\/pages\/1467","targetHints":{"allow":["GET"]}}],"collection":[{"href":"https:\/\/rk3.be\/fr\/wp-json\/wp\/v2\/pages"}],"about":[{"href":"https:\/\/rk3.be\/fr\/wp-json\/wp\/v2\/types\/page"}],"author":[{"embeddable":true,"href":"https:\/\/rk3.be\/fr\/wp-json\/wp\/v2\/users\/1"}],"replies":[{"embeddable":true,"href":"https:\/\/rk3.be\/fr\/wp-json\/wp\/v2\/comments?post=1467"}],"version-history":[{"count":1,"href":"https:\/\/rk3.be\/fr\/wp-json\/wp\/v2\/pages\/1467\/revisions"}],"predecessor-version":[{"id":1468,"href":"https:\/\/rk3.be\/fr\/wp-json\/wp\/v2\/pages\/1467\/revisions\/1468"}],"wp:attachment":[{"href":"https:\/\/rk3.be\/fr\/wp-json\/wp\/v2\/media?parent=1467"}],"curies":[{"name":"wp","href":"https:\/\/api.w.org\/{rel}","templated":true}]}}